{"id":2647,"date":"2015-03-12T03:36:44","date_gmt":"2015-03-12T03:36:44","guid":{"rendered":"http:\/\/site.drall.com.br\/?page_id=2647"},"modified":"2017-01-22T14:07:00","modified_gmt":"2017-01-22T14:07:00","slug":"sistema-de-relatorios","status":"publish","type":"page","link":"https:\/\/www.drall.com.br\/pt\/sistema-de-relatorios\/","title":{"rendered":"Sistema de relat\u00f3rios"},"content":{"rendered":"<div class=\"space\" style=\"clear:both; height:40px;\"><\/div>\n<div class=\"center-childs clearfix group\">Sistema de relat\u00f3rios<\/div>\n<div class=\"inner \"><div class=\"space\" style=\"clear:both; height:40px;\"><\/div>\n<div class=\"col-xs-7  full-below-800 \">\n<div id=\"tab-menu\" class=\"tabs-shortcode  tabs tabs-shortcode-top\">\n<ul class=\"tabs-shortcode-list nav nav-tabs\" id=\"tab-menu46\">\n<li  class=\"active\"   ><a data-toggle=\"tab\" href=\"#Descrio-0\" >Descri\u00e7\u00e3o<\/a><\/li>\n<li  ><a data-toggle=\"tab\" href=\"#Caractersticas-1\" >Caracter\u00edsticas<\/a><\/li>\n<\/ul>\n<div class=\"tab-content\">\n<div id=\"Descrio-0\" class=\"  in active  tab-pane fade clearfix group \" >\n<div class=\"tab-icon\"><img loading=\"lazy\" decoding=\"async\" class=\"alignnone size-full wp-image-2697\" src=\"http:\/\/www.drall.com.br\/wp-content\/uploads\/2015\/03\/sistema_relatorios_1.png\" alt=\"sistema_relatorios_1\" width=\"167\" height=\"205\" \/><\/div>\n<p style=\"text-align: justify;\">Atualmente as empresas contam com uma diversidade muito grande de sistemas informatizados e, em consequ\u00eancia disso, uma diversidade de <strong>fontes de dados<\/strong>. No entanto, tem-se notado uma certa dificuldade em <strong>cruzar dados<\/strong> dos diversos sistemas internos e a partir disso produzir informa\u00e7\u00e3o.<\/p>\n<p style=\"text-align: justify;\">O <strong>Sistema de Relat\u00f3rios<\/strong> surge como ferramenta especializada em cruzar dados de diferentes sistemas e apresentar em formato de gr\u00e1ficos ou documentos as informa\u00e7\u00f5es que nossos clientes precisam. Estas informa\u00e7\u00f5es s\u00e3o extra\u00eddas por <strong>rotinas automatizadas<\/strong>, de acordo com as caracter\u00edsticas de cada sistema.<\/p>\n<p style=\"text-align: justify;\">\n<\/div>\n<p style=\"text-align: justify;\">\n<p style=\"text-align: justify;\">\n<div id=\"Caractersticas-1\" class=\"  tab-pane fade clearfix group \" >\n<p style=\"text-align: justify;\">\n<div class=\"tab-icon\"><img loading=\"lazy\" decoding=\"async\" class=\"alignnone size-full wp-image-2696\" src=\"http:\/\/www.drall.com.br\/wp-content\/uploads\/2015\/03\/sistema_relatorios_2.jpg\" alt=\"sistema_relatorios_2\" width=\"167\" height=\"205\" \/><\/div>\n<p style=\"text-align: justify;\"><i class=\"fa fa-check\"><\/i>Sistema facilmente <strong>adapt\u00e1vel<\/strong> para a sua fonte geradora de dados.<\/p>\n<p style=\"text-align: justify;\"><i class=\"fa fa-check\"><\/i>Gera\u00e7\u00e3o de relat\u00f3rios de forma <strong>instant\u00e2nea<\/strong>.<\/p>\n<p style=\"text-align: justify;\"><i class=\"fa fa-check\"><\/i>Possibilidade de <strong>integra\u00e7\u00e3o<\/strong> com sistemas de planilhas eletr\u00f4nicas como o Microsoft Excel.<\/p>\n<\/div>\n<p style=\"text-align: justify;\">\n<p>&nbsp;<\/p>\n<\/div>\n<\/div>\n\n<\/div>\n<div class=\"col-xs-5  full-below-800 \">\n<img loading=\"lazy\" decoding=\"async\" class=\"alignnone size-full wp-image-2703\" src=\"http:\/\/www.drall.com.br\/wp-content\/uploads\/2015\/03\/sistema_relatorios_3_500x333.jpg\" alt=\"sistema_relatorios_3_500x333\" width=\"500\" height=\"333\" srcset=\"https:\/\/www.drall.com.br\/wp-content\/uploads\/2015\/03\/sistema_relatorios_3_500x333.jpg 500w, https:\/\/www.drall.com.br\/wp-content\/uploads\/2015\/03\/sistema_relatorios_3_500x333-300x200.jpg 300w\" sizes=\"(max-width: 500px) 100vw, 500px\" \/><\/p>\n<\/div>\n<div class=\"space\" style=\"clear:both; height:40px;\"><\/div>\n<\/div>\n","protected":false},"excerpt":{"rendered":"","protected":false},"author":1,"featured_media":0,"parent":0,"menu_order":0,"comment_status":"open","ping_status":"open","template":"page-fp_full.php","meta":{"footnotes":""},"_links":{"self":[{"href":"https:\/\/www.drall.com.br\/pt\/wp-json\/wp\/v2\/pages\/2647"}],"collection":[{"href":"https:\/\/www.drall.com.br\/pt\/wp-json\/wp\/v2\/pages"}],"about":[{"href":"https:\/\/www.drall.com.br\/pt\/wp-json\/wp\/v2\/types\/page"}],"author":[{"embeddable":true,"href":"https:\/\/www.drall.com.br\/pt\/wp-json\/wp\/v2\/users\/1"}],"replies":[{"embeddable":true,"href":"https:\/\/www.drall.com.br\/pt\/wp-json\/wp\/v2\/comments?post=2647"}],"version-history":[{"count":13,"href":"https:\/\/www.drall.com.br\/pt\/wp-json\/wp\/v2\/pages\/2647\/revisions"}],"predecessor-version":[{"id":2960,"href":"https:\/\/www.drall.com.br\/pt\/wp-json\/wp\/v2\/pages\/2647\/revisions\/2960"}],"wp:attachment":[{"href":"https:\/\/www.drall.com.br\/pt\/wp-json\/wp\/v2\/media?parent=2647"}],"curies":[{"name":"wp","href":"https:\/\/api.w.org\/{rel}","templated":true}]}}