{"id":2645,"date":"2015-03-12T03:35:02","date_gmt":"2015-03-12T03:35:02","guid":{"rendered":"http:\/\/site.drall.com.br\/?page_id=2645"},"modified":"2017-01-22T14:04:51","modified_gmt":"2017-01-22T14:04:51","slug":"controle-de-patio-computacional","status":"publish","type":"page","link":"https:\/\/www.drall.com.br\/pt\/controle-de-patio-computacional\/","title":{"rendered":"Controle de p\u00e1tio computacional"},"content":{"rendered":"<div class=\"space\" style=\"clear:both; height:40px;\"><\/div>\n<div class=\"center-childs clearfix group\">Controle de p\u00e1tio computacional<\/div>\n<div class=\"inner \"><div class=\"space\" style=\"clear:both; height:40px;\"><\/div>\n<div class=\"col-xs-7  full-below-800 \">\n<div id=\"tab-menu\" class=\"tabs-shortcode  tabs tabs-shortcode-top\">\n<ul class=\"tabs-shortcode-list nav nav-tabs\" id=\"tab-menu85\">\n<li  class=\"active\"   ><a data-toggle=\"tab\" href=\"#Descrio-0\" >Descri\u00e7\u00e3o<\/a><\/li>\n<li  ><a data-toggle=\"tab\" href=\"#Caractersticas-1\" >Caracter\u00edsticas<\/a><\/li>\n<\/ul>\n<div class=\"tab-content\">\n<div id=\"Descrio-0\" class=\"  in active  tab-pane fade clearfix group \" >\n<div class=\"tab-icon\"><img loading=\"lazy\" decoding=\"async\" class=\"alignnone size-full wp-image-2691\" src=\"http:\/\/www.drall.com.br\/wp-content\/uploads\/2015\/03\/controle_patio_4.jpg\" alt=\"controle_patio_4\" width=\"167\" height=\"205\" \/><\/div>\n<p style=\"text-align: justify;\">Com o crescimento de seu <strong>p\u00e1tio computacional<\/strong>, as empresas acabam perdendo a capacidade de controlar a situa\u00e7\u00e3o de cada m\u00e1quina que comp\u00f5e sua estrutura e patrim\u00f4nio.<\/p>\n<p style=\"text-align: justify;\">Com o intuito de ajudar as empresas a resolverem este problema, a Drall Consultoria desenvolveu o <strong>Sistema de Controle de P\u00e1tio Computacional<\/strong>. Com ele, sua empresa adquire a capacidade de controlar o status de todas as suas m\u00e1quinas num \u00fanico lugar, de forma autom\u00e1tica e centralizada.<\/p>\n<p style=\"text-align: justify;\">\n<\/div>\n<p style=\"text-align: justify;\">\n<div id=\"Caractersticas-1\" class=\"  tab-pane fade clearfix group \" >\n<div class=\"tab-icon\"><img loading=\"lazy\" decoding=\"async\" class=\"alignnone size-full wp-image-2690\" src=\"http:\/\/www.drall.com.br\/wp-content\/uploads\/2015\/03\/controle_patio_2.jpg\" alt=\"controle_patio_2\" width=\"167\" height=\"205\" \/><\/div>\n<p style=\"text-align: justify;\"><i class=\"fa fa-check\"><\/i><strong>Gest\u00e3o centralizada<\/strong> de todo o p\u00e1tio computacional.<\/p>\n<p style=\"text-align: justify;\"><i class=\"fa fa-check\"><\/i><strong>Alertas e sinaliza\u00e7\u00f5es<\/strong> de problemas.<\/p>\n<p style=\"text-align: justify;\"><i class=\"fa fa-check\"><\/i>Possibilidade de gera\u00e7\u00e3o de <strong>estat\u00edsticas<\/strong> de disponibilidade de cada equipamento.<\/p>\n<p style=\"text-align: justify;\"><i class=\"fa fa-check\"><\/i>Possibilidade de gera\u00e7\u00e3o de relat\u00f3rios de <strong>invent\u00e1rio<\/strong> a qualquer momento.<\/p>\n<p style=\"text-align: justify;\">\n<\/div>\n<p style=\"text-align: justify;\">\n<p style=\"text-align: justify;\"><\/div>\n<\/div>\n\n<\/div>\n<div class=\"col-xs-5  full-below-800 \">\n<img loading=\"lazy\" decoding=\"async\" class=\"alignnone size-full wp-image-2694\" src=\"http:\/\/www.drall.com.br\/wp-content\/uploads\/2015\/03\/controle_patio_3_500x333.jpg\" alt=\"controle_patio_3_500x333\" width=\"500\" height=\"333\" srcset=\"https:\/\/www.drall.com.br\/wp-content\/uploads\/2015\/03\/controle_patio_3_500x333.jpg 500w, https:\/\/www.drall.com.br\/wp-content\/uploads\/2015\/03\/controle_patio_3_500x333-300x200.jpg 300w\" sizes=\"(max-width: 500px) 100vw, 500px\" \/><\/p>\n<\/div>\n<div class=\"space\" style=\"clear:both; height:40px;\"><\/div>\n<\/div>\n","protected":false},"excerpt":{"rendered":"","protected":false},"author":1,"featured_media":0,"parent":0,"menu_order":0,"comment_status":"open","ping_status":"open","template":"page-fp_full.php","meta":{"footnotes":""},"_links":{"self":[{"href":"https:\/\/www.drall.com.br\/pt\/wp-json\/wp\/v2\/pages\/2645"}],"collection":[{"href":"https:\/\/www.drall.com.br\/pt\/wp-json\/wp\/v2\/pages"}],"about":[{"href":"https:\/\/www.drall.com.br\/pt\/wp-json\/wp\/v2\/types\/page"}],"author":[{"embeddable":true,"href":"https:\/\/www.drall.com.br\/pt\/wp-json\/wp\/v2\/users\/1"}],"replies":[{"embeddable":true,"href":"https:\/\/www.drall.com.br\/pt\/wp-json\/wp\/v2\/comments?post=2645"}],"version-history":[{"count":18,"href":"https:\/\/www.drall.com.br\/pt\/wp-json\/wp\/v2\/pages\/2645\/revisions"}],"predecessor-version":[{"id":2956,"href":"https:\/\/www.drall.com.br\/pt\/wp-json\/wp\/v2\/pages\/2645\/revisions\/2956"}],"wp:attachment":[{"href":"https:\/\/www.drall.com.br\/pt\/wp-json\/wp\/v2\/media?parent=2645"}],"curies":[{"name":"wp","href":"https:\/\/api.w.org\/{rel}","templated":true}]}}