{"id":2639,"date":"2015-03-12T03:33:10","date_gmt":"2015-03-12T03:33:10","guid":{"rendered":"http:\/\/site.drall.com.br\/?page_id=2639"},"modified":"2017-01-22T14:03:04","modified_gmt":"2017-01-22T14:03:04","slug":"gestao-documental","status":"publish","type":"page","link":"https:\/\/www.drall.com.br\/pt\/gestao-documental\/","title":{"rendered":"Gest\u00e3o Documental"},"content":{"rendered":"<div class=\"space\" style=\"clear:both; height:40px;\"><\/div>\n<div class=\"center-childs clearfix group\">Gest\u00e3o Documental &#8211; Sistema Smartdoc<\/div>\n<div class=\"inner \"><div class=\"space\" style=\"clear:both; height:40px;\"><\/div>\n<div class=\"col-xs-7  full-below-800 \">\n<div id=\"tab-menu\" class=\"tabs-shortcode  tabs tabs-shortcode-top\">\n<ul class=\"tabs-shortcode-list nav nav-tabs\" id=\"tab-menu22\">\n<li  class=\"active\"   ><a data-toggle=\"tab\" href=\"#Descrio-0\" >Descri\u00e7\u00e3o<\/a><\/li>\n<li  ><a data-toggle=\"tab\" href=\"#Caractersticas-1\" >Caracter\u00edsticas<\/a><\/li>\n<\/ul>\n<div class=\"tab-content\">\n<div id=\"Descrio-0\" class=\"  in active  tab-pane fade clearfix group \" >\n<div class=\"tab-icon\"><img loading=\"lazy\" decoding=\"async\" class=\"alignnone size-full wp-image-2674\" src=\"http:\/\/www.drall.com.br\/wp-content\/uploads\/2015\/03\/gestao_documental_1.jpeg\" alt=\"gestao_documental_1\" width=\"167\" height=\"205\" \/><\/div>\n<p style=\"text-align: justify;\"><strong>Gest\u00e3o Documental<\/strong> \u00e9 uma solu\u00e7\u00e3o que tem como objetivo fornecer um meio para facilmente gerar, controlar, armazenar, compartilhar e recuperar informa\u00e7\u00f5es existentes em documentos.<\/p>\n<p style=\"text-align: justify;\">O <strong>SmartDoc<\/strong> \u00e9 um sistema GED (Gerenciador Eletr\u00f4nico de Documentos) e \u00e9 a ferramenta que a Drall Consultoria oferece a seus clientes para acelerar a implanta\u00e7\u00e3o a gest\u00e3o documental.<\/p>\n<p style=\"text-align: justify;\">\n<\/div>\n<p style=\"text-align: justify;\">\n<div id=\"Caractersticas-1\" class=\"  tab-pane fade clearfix group \" >\n<div class=\"tab-icon\"><img loading=\"lazy\" decoding=\"async\" class=\"alignnone size-full wp-image-2675\" src=\"http:\/\/www.drall.com.br\/wp-content\/uploads\/2015\/03\/gestao_documental_2.jpg\" alt=\"Yellow computer folder with key. Isolated 3d image\" width=\"167\" height=\"205\" \/><\/div>\n<p style=\"text-align: justify;\"><i class=\"fa fa-check\"><\/i>Preserva\u00e7\u00e3o da <strong>mem\u00f3ria organizacional<\/strong> da institui\u00e7\u00e3o.<br \/>\n<i class=\"fa fa-check\"><\/i>Velocidade e precis\u00e3o na <strong>localiza\u00e7\u00e3o<\/strong> de documentos.<br \/>\n<i class=\"fa fa-check\"><\/i><strong>Disponibilidade<\/strong> instant\u00e2nea de documentos.<br \/>\n<i class=\"fa fa-check\"><\/i><strong>Seguran\u00e7a<\/strong> do acervo.<br \/>\n<i class=\"fa fa-check\"><\/i><strong>Centraliza\u00e7\u00e3o<\/strong> dos documentos e informa\u00e7\u00f5es.<br \/>\n<i class=\"fa fa-check\"><\/i><strong>Controle de acesso<\/strong> aos documentos.<br \/>\n<i class=\"fa fa-check\"><\/i><strong>Redu\u00e7\u00e3o de custos<\/strong> (espa\u00e7o f\u00edsico, impress\u00f5es e c\u00f3pias).<br \/>\n<i class=\"fa fa-check\"><\/i>Aumento da <strong>produtividade<\/strong> dos colaboradores.<br \/>\n<i class=\"fa fa-check\"><\/i><strong>Prote\u00e7\u00e3o<\/strong> contra extravio de documentos.<br \/>\n<i class=\"fa fa-check\"><\/i><strong>Acesso simult\u00e2neo<\/strong> a documentos.<br \/>\n<i class=\"fa fa-check\"><\/i><strong>Recupera\u00e7\u00e3o<\/strong> de desastres.<br \/>\n<i class=\"fa fa-check\"><\/i><strong>Interface \u00fanica<\/strong> para todos os usu\u00e1rios.<br \/>\n<i class=\"fa fa-check\"><\/i>Preserva\u00e7\u00e3o da <strong>integridade<\/strong> do documento.<br \/>\n<i class=\"fa fa-check\"><\/i><strong>Integra\u00e7\u00e3o<\/strong> com outros sistemas e tecnologias.<\/p>\n<\/div>\n<p style=\"text-align: justify;\">\n<p style=\"text-align: justify;\"><\/div>\n<\/div>\n\n<\/div>\n<div class=\"col-xs-5  full-below-800 \">\n<img loading=\"lazy\" decoding=\"async\" class=\"alignnone size-full wp-image-2679\" src=\"http:\/\/www.drall.com.br\/wp-content\/uploads\/2015\/03\/Screenshot_Smartdoc_500x333.png\" alt=\"Screenshot_Smartdoc_500x333\" width=\"500\" height=\"333\" srcset=\"https:\/\/www.drall.com.br\/wp-content\/uploads\/2015\/03\/Screenshot_Smartdoc_500x333.png 500w, https:\/\/www.drall.com.br\/wp-content\/uploads\/2015\/03\/Screenshot_Smartdoc_500x333-300x200.png 300w\" sizes=\"(max-width: 500px) 100vw, 500px\" \/><\/p>\n<\/div>\n<div class=\"space\" style=\"clear:both; height:40px;\"><\/div>\n<\/div>\n","protected":false},"excerpt":{"rendered":"","protected":false},"author":1,"featured_media":0,"parent":0,"menu_order":0,"comment_status":"open","ping_status":"open","template":"page-fp_full.php","meta":{"footnotes":""},"_links":{"self":[{"href":"https:\/\/www.drall.com.br\/pt\/wp-json\/wp\/v2\/pages\/2639"}],"collection":[{"href":"https:\/\/www.drall.com.br\/pt\/wp-json\/wp\/v2\/pages"}],"about":[{"href":"https:\/\/www.drall.com.br\/pt\/wp-json\/wp\/v2\/types\/page"}],"author":[{"embeddable":true,"href":"https:\/\/www.drall.com.br\/pt\/wp-json\/wp\/v2\/users\/1"}],"replies":[{"embeddable":true,"href":"https:\/\/www.drall.com.br\/pt\/wp-json\/wp\/v2\/comments?post=2639"}],"version-history":[{"count":15,"href":"https:\/\/www.drall.com.br\/pt\/wp-json\/wp\/v2\/pages\/2639\/revisions"}],"predecessor-version":[{"id":2954,"href":"https:\/\/www.drall.com.br\/pt\/wp-json\/wp\/v2\/pages\/2639\/revisions\/2954"}],"wp:attachment":[{"href":"https:\/\/www.drall.com.br\/pt\/wp-json\/wp\/v2\/media?parent=2639"}],"curies":[{"name":"wp","href":"https:\/\/api.w.org\/{rel}","templated":true}]}}