{"id":2609,"date":"2015-03-12T02:03:06","date_gmt":"2015-03-12T02:03:06","guid":{"rendered":"http:\/\/site.drall.com.br\/?page_id=2609"},"modified":"2017-01-22T14:01:17","modified_gmt":"2017-01-22T14:01:17","slug":"gestao-de-contatos","status":"publish","type":"page","link":"https:\/\/www.drall.com.br\/pt\/gestao-de-contatos\/","title":{"rendered":"Gest\u00e3o de contatos"},"content":{"rendered":"<div class=\"space\" style=\"clear:both; height:40px;\"><\/div>\n<div class=\"center-childs clearfix group\">\n<p>Gest\u00e3o de contatos &#8211; Sistema ACO<\/p>\n<\/div>\n<div class=\"inner \"><div class=\"space\" style=\"clear:both; height:40px;\"><\/div>\n<div class=\"col-xs-7  full-below-800 \">\n<div id=\"tab-menu\" class=\"tabs-shortcode  tabs tabs-shortcode-top\">\n<ul class=\"tabs-shortcode-list nav nav-tabs\" id=\"tab-menu15\">\n<li  class=\"active\"   ><a data-toggle=\"tab\" href=\"#Descrio-0\" >Descri\u00e7\u00e3o<\/a><\/li>\n<li  ><a data-toggle=\"tab\" href=\"#Caractersticas-1\" >Caracter\u00edsticas<\/a><\/li>\n<\/ul>\n<div class=\"tab-content\">\n<div id=\"Descrio-0\" class=\"  in active  tab-pane fade clearfix group \" >\n<div class=\"tab-icon\"><img loading=\"lazy\" decoding=\"async\" class=\"alignnone size-full wp-image-2615\" src=\"http:\/\/www.drall.com.br\/wp-content\/uploads\/2015\/03\/Screenshot_login_ACO.png\" alt=\"Screenshot_login_ACO\" width=\"167\" height=\"205\" \/><\/div>\n<p style=\"text-align: justify;\">Ter uma ampla rede de contatos que, de fato, resultem em neg\u00f3cios e gerem resultados: essa \u00e9 a ess\u00eancia do\u00a0<strong><i>networking<\/i><\/strong>.\u00a0Diferente do que alguns imaginam, esse recurso n\u00e3o serve apenas para tornar uma pessoa ou empresa conhecida em determinado meio, mas tamb\u00e9m deve ser \u00fatil em momentos importantes, como a busca por novos neg\u00f3cios e oportunidades. E t\u00e3o importante quanto aumentar o <i>networking<\/i> da sua empresa, \u00e9 gerenciar de maneira efetiva os seus contatos.<\/p>\n<p style=\"text-align: justify;\">Para ajudar a sua empresa a garantir que uma simples troca de cart\u00f5es se converta em contatos efetivos e gere neg\u00f3cios e resultados importantes, projetamos o sistema de <b>Gest\u00e3o de Contatos<\/b>. Este sistema centraliza as informa\u00e7\u00f5es da sua agenda e fornece recursos avan\u00e7ados de busca para encontrar o que voc\u00ea procura a qualquer momento e de qualquer lugar.<\/p>\n<\/div>\n<p style=\"text-align: justify;\">\n<p><\/span><\/p>\n<p style=\"text-align: justify;\">\n<div id=\"Caractersticas-1\" class=\"  tab-pane fade clearfix group \" >\n<p style=\"text-align: justify;\">\n<div class=\"tab-icon\"><img loading=\"lazy\" decoding=\"async\" class=\"alignnone size-full wp-image-2619\" src=\"http:\/\/www.drall.com.br\/wp-content\/uploads\/2015\/03\/Screenshot_menu_ACO.png\" alt=\"Screenshot_menu_ACO\" width=\"167\" height=\"205\" \/><\/div>\n<p style=\"text-align: justify;\"><i class=\"fa fa-check\"><\/i><strong>Gest\u00e3o dos dados<\/strong> b\u00e1sicos de um contato, tais como endere\u00e7os, telefones, emails, sites, etc.<br \/>\n<i class=\"fa fa-check\"><\/i>Possibilidade de vincula\u00e7\u00e3o de pessoas com empresas.<\/p>\n<p style=\"text-align: justify;\"><i class=\"fa fa-check\"><\/i>Registro de <strong>informa\u00e7\u00f5es adicionais<\/strong>, como datas importantes, interesses, redes sociais.<\/p>\n<p style=\"text-align: justify;\"><i class=\"fa fa-check\"><\/i><strong>Registro de eventos<\/strong>, intera\u00e7\u00f5es e solicita\u00e7\u00f5es, para que o usu\u00e1rio saiba exatamente sua situa\u00e7\u00e3o de d\u00e9bitos \/ cr\u00e9ditos com determinado contato.<\/p>\n<\/div>\n<p>&nbsp;<\/p>\n<p>&nbsp;<\/p>\n<\/div>\n<\/div>\n\n<\/div>\n<div class=\"col-xs-5  full-below-800 \">\n<img loading=\"lazy\" decoding=\"async\" class=\"alignnone size-full wp-image-2634\" src=\"http:\/\/www.drall.com.br\/wp-content\/uploads\/2015\/03\/Screenshot_ACO_500x333.png\" alt=\"Screenshot_ACO_500x333\" width=\"500\" height=\"333\" srcset=\"https:\/\/www.drall.com.br\/wp-content\/uploads\/2015\/03\/Screenshot_ACO_500x333.png 500w, https:\/\/www.drall.com.br\/wp-content\/uploads\/2015\/03\/Screenshot_ACO_500x333-300x200.png 300w\" sizes=\"(max-width: 500px) 100vw, 500px\" \/><\/p>\n<\/div>\n<div class=\"space\" style=\"clear:both; height:40px;\"><\/div>\n<\/div>\n","protected":false},"excerpt":{"rendered":"","protected":false},"author":1,"featured_media":0,"parent":0,"menu_order":0,"comment_status":"open","ping_status":"open","template":"page-fp_full.php","meta":{"footnotes":""},"_links":{"self":[{"href":"https:\/\/www.drall.com.br\/pt\/wp-json\/wp\/v2\/pages\/2609"}],"collection":[{"href":"https:\/\/www.drall.com.br\/pt\/wp-json\/wp\/v2\/pages"}],"about":[{"href":"https:\/\/www.drall.com.br\/pt\/wp-json\/wp\/v2\/types\/page"}],"author":[{"embeddable":true,"href":"https:\/\/www.drall.com.br\/pt\/wp-json\/wp\/v2\/users\/1"}],"replies":[{"embeddable":true,"href":"https:\/\/www.drall.com.br\/pt\/wp-json\/wp\/v2\/comments?post=2609"}],"version-history":[{"count":29,"href":"https:\/\/www.drall.com.br\/pt\/wp-json\/wp\/v2\/pages\/2609\/revisions"}],"predecessor-version":[{"id":2952,"href":"https:\/\/www.drall.com.br\/pt\/wp-json\/wp\/v2\/pages\/2609\/revisions\/2952"}],"wp:attachment":[{"href":"https:\/\/www.drall.com.br\/pt\/wp-json\/wp\/v2\/media?parent=2609"}],"curies":[{"name":"wp","href":"https:\/\/api.w.org\/{rel}","templated":true}]}}