{"id":2006,"date":"2014-04-17T22:15:45","date_gmt":"2014-04-17T22:15:45","guid":{"rendered":"http:\/\/beta.fastwp.net\/wisten\/?page_id=9"},"modified":"2015-03-21T04:05:14","modified_gmt":"2015-03-21T04:05:14","slug":"historia","status":"publish","type":"page","link":"https:\/\/www.drall.com.br\/pt\/historia\/","title":{"rendered":"Hist\u00f3ria"},"content":{"rendered":"<div class=\"space\" style=\"clear:both; height:80px;\"><\/div>\n<div class=\"header \" style=\"\">NOSSA HIST\u00d3RIA<\/div>\n<div class=\"page-desc  \" style=\"\">DESDE O FINAL DA D\u00c9CADA DE 1990, QUANDO\u00a0SURGIU A IDEIA DA CONCEP\u00c7\u00c3O DA EMPRESA, A EQUIPE DA DRALL CONSULTORIA VEM SE DEDICANDO EM PROL DE UM OBJETIVO \u00daNICO: CONSTRUIR UMA EMPRESA S\u00d3LIDA E QUE SEJA UMA ESCOLHA INEQU\u00cdVOCA PARA SEUS CLIENTES.<\/div>\n<div class=\"inner no-padding\">\n<iframe loading=\"lazy\" src=\"http:\/\/cdn.knightlab.com\/libs\/timeline\/latest\/embed\/index.html?source=0AmQXrE69Za3idFhNNDFWVjh5YUwxQW82bk9yeFBQeHc&amp;font=Bevan-PotanoSans&amp;maptype=toner&amp;lang=pt-br&amp;height=650\" width=\"100%\" height=\"650\" frameborder=\"0\"><\/iframe><br \/>\n<\/div>\n<div class=\"space\" style=\"clear:both; height:40px;\"><\/div>\n","protected":false},"excerpt":{"rendered":"","protected":false},"author":1,"featured_media":0,"parent":0,"menu_order":0,"comment_status":"open","ping_status":"open","template":"page-fp_full.php","meta":{"footnotes":""},"_links":{"self":[{"href":"https:\/\/www.drall.com.br\/pt\/wp-json\/wp\/v2\/pages\/2006"}],"collection":[{"href":"https:\/\/www.drall.com.br\/pt\/wp-json\/wp\/v2\/pages"}],"about":[{"href":"https:\/\/www.drall.com.br\/pt\/wp-json\/wp\/v2\/types\/page"}],"author":[{"embeddable":true,"href":"https:\/\/www.drall.com.br\/pt\/wp-json\/wp\/v2\/users\/1"}],"replies":[{"embeddable":true,"href":"https:\/\/www.drall.com.br\/pt\/wp-json\/wp\/v2\/comments?post=2006"}],"version-history":[{"count":15,"href":"https:\/\/www.drall.com.br\/pt\/wp-json\/wp\/v2\/pages\/2006\/revisions"}],"predecessor-version":[{"id":2860,"href":"https:\/\/www.drall.com.br\/pt\/wp-json\/wp\/v2\/pages\/2006\/revisions\/2860"}],"wp:attachment":[{"href":"https:\/\/www.drall.com.br\/pt\/wp-json\/wp\/v2\/media?parent=2006"}],"curies":[{"name":"wp","href":"https:\/\/api.w.org\/{rel}","templated":true}]}}