{"id":1971,"date":"2014-04-17T22:15:12","date_gmt":"2014-04-17T22:15:12","guid":{"rendered":"http:\/\/beta.fastwp.net\/wisten\/?page_id=5"},"modified":"2016-09-15T20:13:38","modified_gmt":"2016-09-15T20:13:38","slug":"quem-somos","status":"publish","type":"page","link":"https:\/\/www.drall.com.br\/pt\/quem-somos\/","title":{"rendered":"Quem somos"},"content":{"rendered":"<div class=\"space\" style=\"clear:both; height:20px;\"><\/div>\n<div class=\"fastwp-call-to-action\"><div class=\"cta-content\" style=\"background-color:#fafafa\"><div class=\"header \" style=\"\">QUEM SOMOS ?<\/div>\n<div class=\"page-desc  \" style=\"\">A DRALL CONSULTORIA NASCEU DA VIS\u00c3O DE SEUS FUNDADORES EM PROPOREM SOLU\u00c7\u00d5ES INOVADORAS NA \u00c1REA DA TECNOLOGIA DA INFORMA\u00c7\u00c3O, PRINCIPALMENTE VOLTADAS PARA AUMENTAR A PRODUTIVIDADE NOS AMBIENTES INFORMATIZADOS DAS EMPRESAS. NOSSA EQUIPE CONTA COM PROFISSIONAIS COM LARGA EXPERI\u00caNCIA EM DIVERSAS \u00c1REAS, COMO TECNOLOGIA DA INFORMA\u00c7\u00c3O, GEST\u00c3O EMPRESARIAL E GERENCIAMENTO DE PROJETOS. INICIAMOS NOSSAS ATIVIDADES FORMALMENTE EM MEADOS DE 2011, MAS NO ENTANTO A IDEIA DA CONCEP\u00c7\u00c3O DA EMPRESA, ASSIM COMO O RELACIONAMENTO COM ALGUNS DE NOSSOS\u00a0CLIENTES V\u00caM DE LONGA DATA.<\/p>\n<\/div>\n<\/div><a class=\"fastwp-arrow-bottom\" style=\"border-top-color:#fafafa\"><\/a><\/div>\n<div class=\"inner \">\n<div class=\"group\">\n\t\t\t\t<div class=\"about-content\" >\r\n\t\t\t\t\r\n\t\t\t\t\t<div class=\"icon top\">\r\n\t\t\t\t\t\t<i class=\"fa fa-flag\"><\/i>\r\n\t\t\t\t\t<\/div>\r\n\t\t\t\t\t<div class=\"content-header text\">Miss\u00e3o<\/div>\r\n\t\t\t\t\t<div class=\"content-desc text\">Atender com excel\u00eancia e alta performance as necessidades de nossos clientes, oferecendo sempre a solu\u00e7\u00e3o mais adequada e assegurando confiabilidade, precis\u00e3o e rapidez.<\/div>\r\n\t\t\t\t\t<div class=\"icon bottom\"><i class=\"fa fa-plus \"><\/i><\/div><\/div> <\/p>\n\t\t\t\t<div class=\"about-content\" >\r\n\t\t\t\t\r\n\t\t\t\t\t<div class=\"icon top\">\r\n\t\t\t\t\t\t<i class=\"fa fa-rocket\"><\/i>\r\n\t\t\t\t\t<\/div>\r\n\t\t\t\t\t<div class=\"content-header text\">Vis\u00e3o<\/div>\r\n\t\t\t\t\t<div class=\"content-desc text\">Tornar-se uma escolha inequ\u00edvoca para clientes e profissionais na \u00e1rea de tecnologia da informa\u00e7\u00e3o.<\/div>\r\n\t\t\t\t\t<div class=\"icon bottom\"><i class=\"fa fa-plus \"><\/i><\/div><\/div>\n\t\t\t\t<div class=\"about-content\" >\r\n\t\t\t\t\r\n\t\t\t\t\t<div class=\"icon top\">\r\n\t\t\t\t\t\t<i class=\"fa fa-university\"><\/i>\r\n\t\t\t\t\t<\/div>\r\n\t\t\t\t\t<div class=\"content-header text\">Valores<\/div>\r\n\t\t\t\t\t<div class=\"content-desc text\">Comprometimento, integridade,\u00a0credibilidade, inova\u00e7\u00e3o, excel\u00eancia, alta performance e\u00a0foco no resultado.<\/div>\r\n\t\t\t\t\t<div class=\"icon bottom\"><i class=\"fa fa-plus \"><\/i><\/div><\/div>\n<p>&nbsp;<\/p>\n<div class=\"clearfix group\"><\/div><\/div>\n<\/div>\n<div class=\"inner \">\n<div class=\"group\">\n<div class=\"col-xs-3 facts animated\" data-animation=\"fadeIn\" data-animation-delay=\"200\" data-perc=\"2011\"><h1 class=\"factor\"><\/h1><p>In\u00edcio das atividades<\/p><\/div>\n<div class=\"col-xs-3 facts animated\" data-animation=\"fadeIn\" data-animation-delay=\"200\" data-perc=\"26\"><h1 class=\"factor\"><\/h1><p>Clientes atendidos<\/p><\/div>\n<div class=\"col-xs-3 facts animated\" data-animation=\"fadeIn\" data-animation-delay=\"200\" data-perc=\"14\"><h1 class=\"factor\"><\/h1><p>Anos de experi\u00eancia<\/p><\/div>\n<div class=\"col-xs-3 facts animated\" data-animation=\"fadeIn\" data-animation-delay=\"200\" data-perc=\"15\"><h1 class=\"factor\"><\/h1><p>Pa\u00edses em que temos presen\u00e7a<\/p><\/div>\n<div class=\"clearfix group\"><\/div><\/div>\n<\/div>\n<div class=\"space\" style=\"clear:both; height:20px;\"><\/div>\n","protected":false},"excerpt":{"rendered":"","protected":false},"author":1,"featured_media":0,"parent":0,"menu_order":0,"comment_status":"open","ping_status":"open","template":"","meta":{"footnotes":""},"_links":{"self":[{"href":"https:\/\/www.drall.com.br\/pt\/wp-json\/wp\/v2\/pages\/1971"}],"collection":[{"href":"https:\/\/www.drall.com.br\/pt\/wp-json\/wp\/v2\/pages"}],"about":[{"href":"https:\/\/www.drall.com.br\/pt\/wp-json\/wp\/v2\/types\/page"}],"author":[{"embeddable":true,"href":"https:\/\/www.drall.com.br\/pt\/wp-json\/wp\/v2\/users\/1"}],"replies":[{"embeddable":true,"href":"https:\/\/www.drall.com.br\/pt\/wp-json\/wp\/v2\/comments?post=1971"}],"version-history":[{"count":49,"href":"https:\/\/www.drall.com.br\/pt\/wp-json\/wp\/v2\/pages\/1971\/revisions"}],"predecessor-version":[{"id":2926,"href":"https:\/\/www.drall.com.br\/pt\/wp-json\/wp\/v2\/pages\/1971\/revisions\/2926"}],"wp:attachment":[{"href":"https:\/\/www.drall.com.br\/pt\/wp-json\/wp\/v2\/media?parent=1971"}],"curies":[{"name":"wp","href":"https:\/\/api.w.org\/{rel}","templated":true}]}}